{"id":676,"date":"2024-05-10T07:00:45","date_gmt":"2024-05-10T07:00:45","guid":{"rendered":"https:\/\/www.dannybunny.sk\/?post_type=buddypress&#038;p=676"},"modified":"2026-01-21T20:52:09","modified_gmt":"2026-01-21T19:52:09","slug":"groups","status":"publish","type":"page","link":"https:\/\/www.dannybunny.sk\/sk\/groups\/","title":{"rendered":"Skupiny"},"content":{"rendered":"<div data-elementor-type=\"wp-page\" data-elementor-id=\"676\" class=\"elementor elementor-676\">\n\t\t\t\t<div class=\"elementor-element elementor-element-37ef9fd e-flex e-con-boxed e-con e-parent\" data-id=\"37ef9fd\" data-element_type=\"container\" data-e-type=\"container\">\n\t\t\t\t\t<div class=\"e-con-inner\">\n\t\t\t\t<div class=\"elementor-element elementor-element-4821876 elementor-pagination-type-bullets elementor-pagination-position-inside elementor-widget elementor-widget-jws_groups\" data-id=\"4821876\" data-element_type=\"widget\" data-e-type=\"widget\" data-settings=\"{&quot;nav_align&quot;:&quot;center&quot;,&quot;pagination&quot;:&quot;bullets&quot;}\" data-widget_type=\"jws_groups.default\">\n\t\t\t\t<div class=\"elementor-widget-container\">\n\t\t\t\t\t\t\t<div class=\"jws-groups-element\">\r\n            <div class=\"groups_content  jws_groups_layout1 groups_ajax_4821876 row grid\">\r\n                              \r\n                <div class=\"jws_groups_item col-xl-6 col-lg-6 col-6\"><div class=\"jws_groups_wap\">\r\n    <div class=\"jws-group-top\">\r\n        <div class=\"jws_groups_image\">\r\n            <a href=\"https:\/\/www.dannybunny.sk\/sk\/chatovanie-na-zoznamke\/1-ranna-kava-dobre-rano\/\">\r\n                <img loading=\"lazy\" decoding=\"async\" src=\"https:\/\/www.dannybunny.sk\/wp-content\/uploads\/group-avatars\/20\/1769160580-bpfull.jpg\" class=\"group-20-avatar avatar-600 photo\" width=\"600\" height=\"600\" alt=\"Group logo of Rann\u00e1 k\u00e1va &amp; dobr\u00e9 r\u00e1no\" \/>            <\/a>\r\n        <\/div>\r\n        <div class=\"jws_groups_content\">\r\n            <h5 class=\"groups-title checked\"><a href=\"https:\/\/www.dannybunny.sk\/sk\/chatovanie-na-zoznamke\/1-ranna-kava-dobre-rano\/\">Rann\u00e1 k\u00e1va &amp; dobr\u00e9 r\u00e1no<\/a><\/h5>\r\n        <\/div>\r\n    <\/div>\r\n    <div class=\"groups-meta\">\r\n        <div class=\"groups-private\">\r\n        <i class=\"jws-icon-globe\"><\/i>        Verejn\u00e9        \r\n        <\/div>\r\n        <div class=\"groups-member\"><i class=\"jws-icon-users\"><\/i>3 members <\/div>\r\n    <\/div>\r\n<\/div><\/div><div class=\"jws_groups_item col-xl-6 col-lg-6 col-6\"><div class=\"jws_groups_wap\">\r\n    <div class=\"jws-group-top\">\r\n        <div class=\"jws_groups_image\">\r\n            <a href=\"https:\/\/www.dannybunny.sk\/sk\/chatovanie-na-zoznamke\/2-po-praci-ma-najdes\/\">\r\n                <img loading=\"lazy\" decoding=\"async\" src=\"https:\/\/www.dannybunny.sk\/wp-content\/uploads\/group-avatars\/19\/1769149865-bpfull.jpg\" class=\"group-19-avatar avatar-600 photo\" width=\"600\" height=\"600\" alt=\"Group logo of Po pr\u00e1ci ma n\u00e1jde\u0161\u2026\" \/>            <\/a>\r\n        <\/div>\r\n        <div class=\"jws_groups_content\">\r\n            <h5 class=\"groups-title checked\"><a href=\"https:\/\/www.dannybunny.sk\/sk\/chatovanie-na-zoznamke\/2-po-praci-ma-najdes\/\">Po pr\u00e1ci ma n\u00e1jde\u0161\u2026<\/a><\/h5>\r\n        <\/div>\r\n    <\/div>\r\n    <div class=\"groups-meta\">\r\n        <div class=\"groups-private\">\r\n        <i class=\"jws-icon-globe\"><\/i>        Verejn\u00e9        \r\n        <\/div>\r\n        <div class=\"groups-member\"><i class=\"jws-icon-users\"><\/i>2 members <\/div>\r\n    <\/div>\r\n<\/div><\/div><div class=\"jws_groups_item col-xl-6 col-lg-6 col-6\"><div class=\"jws_groups_wap\">\r\n    <div class=\"jws-group-top\">\r\n        <div class=\"jws_groups_image\">\r\n            <a href=\"https:\/\/www.dannybunny.sk\/sk\/chatovanie-na-zoznamke\/3-nocne-rozhovory\/\">\r\n                <img loading=\"lazy\" decoding=\"async\" src=\"https:\/\/www.dannybunny.sk\/wp-content\/uploads\/group-avatars\/21\/1769161151-bpfull.png\" class=\"group-21-avatar avatar-600 photo\" width=\"600\" height=\"600\" alt=\"Group logo of No\u010dn\u00e9 rozhovory\" \/>            <\/a>\r\n        <\/div>\r\n        <div class=\"jws_groups_content\">\r\n            <h5 class=\"groups-title checked\"><a href=\"https:\/\/www.dannybunny.sk\/sk\/chatovanie-na-zoznamke\/3-nocne-rozhovory\/\">No\u010dn\u00e9 rozhovory<\/a><\/h5>\r\n        <\/div>\r\n    <\/div>\r\n    <div class=\"groups-meta\">\r\n        <div class=\"groups-private\">\r\n        <i class=\"jws-icon-globe\"><\/i>        Verejn\u00e9        \r\n        <\/div>\r\n        <div class=\"groups-member\"><i class=\"jws-icon-users\"><\/i>2 members <\/div>\r\n    <\/div>\r\n<\/div><\/div><div class=\"jws_groups_item col-xl-6 col-lg-6 col-6\"><div class=\"jws_groups_wap\">\r\n    <div class=\"jws-group-top\">\r\n        <div class=\"jws_groups_image\">\r\n            <a href=\"https:\/\/www.dannybunny.sk\/sk\/chatovanie-na-zoznamke\/4-navrhy-na-zlepsenie\/\">\r\n                <img loading=\"lazy\" decoding=\"async\" src=\"https:\/\/www.dannybunny.sk\/wp-content\/uploads\/group-avatars\/18\/1769027057-bpfull.png\" class=\"group-18-avatar avatar-600 photo\" width=\"600\" height=\"600\" alt=\"Group logo of N\u00e1vrhy na zlep\u0161enie\" \/>            <\/a>\r\n        <\/div>\r\n        <div class=\"jws_groups_content\">\r\n            <h5 class=\"groups-title checked\"><a href=\"https:\/\/www.dannybunny.sk\/sk\/chatovanie-na-zoznamke\/4-navrhy-na-zlepsenie\/\">N\u00e1vrhy na zlep\u0161enie<\/a><\/h5>\r\n        <\/div>\r\n    <\/div>\r\n    <div class=\"groups-meta\">\r\n        <div class=\"groups-private\">\r\n        <i class=\"jws-icon-globe\"><\/i>        Verejn\u00e9        \r\n        <\/div>\r\n        <div class=\"groups-member\"><i class=\"jws-icon-users\"><\/i>4 members <\/div>\r\n    <\/div>\r\n<\/div><\/div>                                                    \r\n                \r\n            <\/div>\r\n            \r\n\r\n            <div class=\"jws-pagination-links\" id=\"group-dir-pag-bottom\"><\/div>        <\/div>\r\n\r\n\t\t\t\t\t<\/div>\n\t\t\t\t<\/div>\n\t\t\t\t\t<\/div>\n\t\t\t\t<\/div>\n\t\t\t\t<\/div>","protected":false},"excerpt":{"rendered":"<p>Pokecajte si public 1 member<\/p>","protected":false},"author":1,"featured_media":0,"parent":0,"menu_order":0,"comment_status":"closed","ping_status":"closed","template":"","meta":{"_acf_changed":false,"_bbp_topic_count":0,"_bbp_reply_count":0,"_bbp_total_topic_count":0,"_bbp_total_reply_count":0,"_bbp_voice_count":0,"_bbp_anonymous_reply_count":0,"_bbp_topic_count_hidden":0,"_bbp_reply_count_hidden":0,"_bbp_forum_subforum_count":0,"pmpro_default_level":"","footnotes":""},"class_list":["post-676","page","type-page","status-publish","hentry","pmpro-has-access"],"acf":[],"_links":{"self":[{"href":"https:\/\/www.dannybunny.sk\/sk\/wp-json\/wp\/v2\/pages\/676","targetHints":{"allow":["GET"]}}],"collection":[{"href":"https:\/\/www.dannybunny.sk\/sk\/wp-json\/wp\/v2\/pages"}],"about":[{"href":"https:\/\/www.dannybunny.sk\/sk\/wp-json\/wp\/v2\/types\/page"}],"author":[{"embeddable":true,"href":"https:\/\/www.dannybunny.sk\/sk\/wp-json\/wp\/v2\/users\/1"}],"replies":[{"embeddable":true,"href":"https:\/\/www.dannybunny.sk\/sk\/wp-json\/wp\/v2\/comments?post=676"}],"version-history":[{"count":6,"href":"https:\/\/www.dannybunny.sk\/sk\/wp-json\/wp\/v2\/pages\/676\/revisions"}],"predecessor-version":[{"id":78030,"href":"https:\/\/www.dannybunny.sk\/sk\/wp-json\/wp\/v2\/pages\/676\/revisions\/78030"}],"wp:attachment":[{"href":"https:\/\/www.dannybunny.sk\/sk\/wp-json\/wp\/v2\/media?parent=676"}],"curies":[{"name":"wp","href":"https:\/\/api.w.org\/{rel}","templated":true}]}}