{"id":2551,"date":"2024-05-28T01:55:00","date_gmt":"2024-05-28T01:55:00","guid":{"rendered":"https:\/\/www.dannybunny.sk\/?page_id=2551"},"modified":"2026-04-28T09:33:32","modified_gmt":"2026-04-28T07:33:32","slug":"registracia","status":"publish","type":"page","link":"https:\/\/www.dannybunny.sk\/sk\/registracia\/","title":{"rendered":"Home 5"},"content":{"rendered":"\t\t<div data-elementor-type=\"wp-page\" data-elementor-id=\"2551\" class=\"elementor elementor-2551\">\n\t\t\t\t<div class=\"elementor-element elementor-element-45bd22a e-con-full e-flex e-con e-parent\" data-id=\"45bd22a\" data-element_type=\"container\" data-e-type=\"container\" data-settings=\"{&quot;background_background&quot;:&quot;classic&quot;}\">\n\t\t<div data-custom-animations=\"true\" data-ca-options=\"{&quot;addChildTimelines&quot;:false,&quot;animationTarget&quot;:&quot;.elementor-element:not(.jws-exclude-parent-ca) &gt; .elementor-widget-container, :scope  &gt; .elementor-widget-hub_fancy_heading .jws-split-lines .jws-lines .split-inner, :scope  &gt; .elementor-widget-hub_fancy_heading .jws-split-words .jws-words .split-inner, :scope  &gt; .elementor-widget-hub_fancy_heading .jws-split-chars .jws-chars .split-inner, :scope  &gt; .elementor-widget-hub_fancy_heading .jws-adv-txt-fig, :scope  &gt; .elementor-widget-ld_custom_menu .jws-fancy-menu &gt; ul &gt; li, :scope .e-con:not([data-parallax])  &gt; .elementor-element &gt; .elementor-widget-container, :scope .e-con:not([data-parallax])  &gt; .elementor-widget-hub_fancy_heading .jws-split-lines .jws-lines .split-inner, :scope .e-con:not([data-parallax])  &gt; .elementor-widget-hub_fancy_heading .jws-split-words .jws-words .split-inner, :scope .e-con:not([data-parallax])  &gt; .elementor-widget-hub_fancy_heading .jws-split-chars .jws-chars .split-inner, :scope .e-con:not([data-parallax])  &gt; .elementor-widget-ld_custom_menu .jws-fancy-menu &gt; ul &gt; li&quot;,&quot;ease&quot;:[&quot;power4.out&quot;],&quot;initValues&quot;:{&quot;opacity&quot;:0,&quot;y&quot;:100,&quot;rotationX&quot;:-10},&quot;animations&quot;:{&quot;opacity&quot;:1,&quot;y&quot;:0,&quot;rotationX&quot;:0}}\" class=\"elementor-element elementor-element-70442a3 e-con-full e-flex e-con e-child\" data-id=\"70442a3\" data-element_type=\"container\" data-e-type=\"container\">\n\t\t\t\t<div class=\"elementor-element elementor-element-777ab6d elementor-widget elementor-widget-heading\" data-id=\"777ab6d\" data-element_type=\"widget\" data-e-type=\"widget\" data-widget_type=\"heading.default\">\n\t\t\t\t<div class=\"elementor-widget-container\">\n\t\t\t\t\t<h1 class=\"elementor-heading-title elementor-size-default\">Daj \u0161ancu milova\u0165 a by\u0165 milovan\u00fd.<\/h1>\t\t\t\t<\/div>\n\t\t\t\t<\/div>\n\t\t\t\t<div class=\"elementor-element elementor-element-e3622fc elementor-widget__width-initial elementor-widget elementor-widget-text-editor\" data-id=\"e3622fc\" data-element_type=\"widget\" data-e-type=\"widget\" data-widget_type=\"text-editor.default\">\n\t\t\t\t<div class=\"elementor-widget-container\">\n\t\t\t\t\t\t\t\t\t<p>Pridaj sa k tis\u00edcom \u010fal\u0161\u00edch \u013eud\u00ed a poc\u00ed\u0165 rozdiel na ka\u017edom kroku, ktor\u00fd urob\u00ed\u0161.<\/p>\t\t\t\t\t\t\t\t<\/div>\n\t\t\t\t<\/div>\n\t\t\t\t<\/div>\n\t\t<div class=\"elementor-element elementor-element-733bfa8 e-con-full e-flex e-con e-child\" data-id=\"733bfa8\" data-element_type=\"container\" data-e-type=\"container\">\n\t\t\t\t<div class=\"elementor-element elementor-element-5c17381 elementor-widget__width-initial form_register_bp elementor-widget elementor-widget-jws_register_form_bp\" data-id=\"5c17381\" data-element_type=\"widget\" data-e-type=\"widget\" data-widget_type=\"jws_register_form_bp.default\">\n\t\t\t\t<div class=\"elementor-widget-container\">\n\t\t\t\t\t        <div class=\"form_buddypress_layout4 jws-login-form\">\r\n            <div class=\"jws-login-container bp-register-form-wrapper\">\r\n            <h5 class=\"title\">U n\u00e1s je l\u00e1ska ZADARMO!<\/h5>                \r\n                \r\n                <form class=\"auto_login\" name=\"registerformpopup\"  method=\"post\" novalidate=\"novalidate\">\r\n                   <input type=\"hidden\" id=\"register_security\" name=\"register_security\" value=\"1f2c297d16\" \/><input type=\"hidden\" name=\"_wp_http_referer\" value=\"\/sk\/wp-json\/wp\/v2\/pages\/2551\" \/>                   \r\n                   \n<div id=\"register-steps1\" class=\"jws-form-row\">\n\n    <div class=\"jws-animation\">\n        <h4>Zaregistruj sa<\/h4><p>V\u0161etko je zadarmo aj PREMIUM<\/p>            <\/div>\n\t<div class=\" form_group_label\">\n        <label class=\"label\">Pou\u017e\u00edvatelske meno<span class=\"required-star\">*<\/span><\/label>\n\t\t<input  id=\"re-username\" type=\"text\" name=\"user_login\" class=\"re-username input jws_validate\" placeholder=\"Pou\u017e\u00edvatelske meno\" required\/>\n        <span class=\"jws-message-error\" id=\"user-error\"><\/span>\n\t<\/div>\n        <div class=\" form_group_label\"><label class=\"label\">Tvoje Pohlavie<\/label><input type=\"hidden\" name=\"selected_fields[]\" value=\"2\"><div class=\"group_form_row\"><label class=\"field_radio\"><input class=\"input jws_validate\" type=\"radio\" name=\"field_2\" value=\"1080\" required >Mu\u017e<\/label><label class=\"field_radio\"><input class=\"input jws_validate\" type=\"radio\" name=\"field_2\" value=\"1081\" required >\u017dena<\/label><label class=\"field_radio\"><input class=\"input jws_validate\" type=\"radio\" name=\"field_2\" value=\"1082\" required >Nebin\u00e1rne<\/label><\/div><\/div>    \n    <button class=\"next elementor-button\" disabled type=\"button\" data-check_username=\"1\">Pokra\u010duj<\/button>\n     <div class=\"link_login\">\r\n                        U\u017e m\u00e1\u0161 \u00fa\u010det?\r\n                        <a class=\"login change-form\" href=\"https:\/\/www.dannybunny.sk\/sk\/login\/\">\r\n                            Prihl\u00e1si\u0165\r\n                        <\/a>\r\n                    <\/div><\/div>\n <!-- Step 2 -->\n<div id=\"register-steps2\" class=\"jws-form-row\">\n       <div class=\"jws-animation\">\n        <h4>Zaregistruj sa<\/h4><p>V\u0161etko je zadarmo aj PREMIUM<\/p>            <\/div>\n     <div class=\"form_group_label\">\n         <label class=\"label\">Email<span class=\"required-star\">*<\/span><\/label>\n        <input type=\"email\" name=\"user_email\" class=\"re-email input jws_validate\" placeholder=\"Vlo\u017e svoj email\" required\/>\n     <\/div>\n    <div class=\"form_group_label\">\n        <label class=\"label\">Heslo<span class=\"required-star\">*<\/span><\/label>\n        <div class=\"form_content\">\n            <input type=\"password\" name=\"password\" class=\"s-password input jws_validate\" placeholder=\"Enter your password\" required\/>\n            <span type=\"button\" class=\"field-icon toggle-password2 jws-icon-eyeslash\"><\/span>\n       <\/div>\n        <span class=\"jws-message-error\" id=\"password-error\"><\/span>\n    <\/div> \n    <div class=\"form_group_label\">\n        <label class=\"label\">Repeat Password<span class=\"required-star\">*<\/span><\/label>\n        <div class=\"form_content\">\n           <input placeholder=\"Confirm password\" type=\"password\" name=\"repeat_password\" class=\"re-password input jws_validate\" required \/>\n            <span type=\"button\" class=\"field-icon toggle-password2 jws-icon-eyeslash\"><\/span>\n         <\/div>\n        <span class=\"jws-message-error\" id=\"re-password-error\"><\/span>\n    <\/div> \n    <label class=\"checkbox\" for=\"terms_conditions\">\n        <input id=\"terms_conditions\" class=\"jws_validate\" type=\"checkbox\" name=\"terms_conditions\" value=\"yes\" required\/>\n        <span>V\u00fdberom mo\u017enosti \u201ePrihl\u00e1si\u0165 sa cez Google alebo Facebook\u201c vyjadruje\u0161 s\u00fahlas s Podmienkami pou\u017e\u00edvania a berie\u0161 na vedomie Z\u00e1sady ochrany osobn\u00fdch \u00fadajov.<\/span>    <\/label>\n    <button class=\"next elementor-button\" type=\"button\">Vytvor \u00fa\u010det<\/button>\n    <div class=\"link_login\">\r\n                        U\u017e m\u00e1\u0161 \u00fa\u010det?\r\n                        <a class=\"login change-form\" href=\"https:\/\/www.dannybunny.sk\/sk\/login\/\">\r\n                            Prihl\u00e1si\u0165\r\n                        <\/a>\r\n                    <\/div><\/div>\n  <!-- Step 3 -->   \n<div id=\"register-steps3\" class=\"jws-form-row application_list\">\n\n    <div class=\"jws-animation\"><h4>Z\u00e1kladn\u00e9 inform\u00e1cie<\/h4><p>Daj n\u00e1m z\u00e1kladn\u00e9 info, ostatn\u00e9 dopln\u00ed\u0161 nesk\u00f4r v profile.<\/p><\/div><table class=\"form-group-table\">\n    <\/table>\n\n        <button class=\"next elementor-button\" type=\"button\">\u010ealej<\/button>\n        <button class=\"prev-button\" type=\"button\">Predch\u00e1dzaj\u00faca strana<\/button>\n    \n    \n<\/div>\n<!-- End step 3-->\n<div id=\"register-steps4\" class=\"jws-form-row list_media_upload\">\n    <div class=\"jws-animation\">\n        <h5 class=\"name\">Pridaj svoje fotky.<\/h5>\n        <p class=\"gender_into\">Ka\u017ed\u00fd \u0165a chce vidie\u0165!<\/p>\n    <\/div>\n    <div class=\"form_group_row\">\n        <div class=\"jws-media-upload-gallery\">\n         <div class=\"jws-media-upload-gallery-input\">\n                                <div class=\"form_group_label_input\" id=\"uploadedPhotos_1\">\n                        <i class=\"jws-icon-plus\"><\/i>\n                        <input type=\"file\" name=\"jws_upload_file[]\" data-slots=\"6\" class=\"form-control jws_upload_file\" accept=\"image\/*\" multiple>\n                    <\/div>\n                                    <div class=\"form_group_label_input\" id=\"uploadedPhotos_2\">\n                        <i class=\"jws-icon-plus\"><\/i>\n                        <input type=\"file\" name=\"jws_upload_file[]\" data-slots=\"6\" class=\"form-control jws_upload_file\" accept=\"image\/*\" multiple>\n                    <\/div>\n                                    <div class=\"form_group_label_input\" id=\"uploadedPhotos_3\">\n                        <i class=\"jws-icon-plus\"><\/i>\n                        <input type=\"file\" name=\"jws_upload_file[]\" data-slots=\"6\" class=\"form-control jws_upload_file\" accept=\"image\/*\" multiple>\n                    <\/div>\n                                    <div class=\"form_group_label_input\" id=\"uploadedPhotos_4\">\n                        <i class=\"jws-icon-plus\"><\/i>\n                        <input type=\"file\" name=\"jws_upload_file[]\" data-slots=\"6\" class=\"form-control jws_upload_file\" accept=\"image\/*\" multiple>\n                    <\/div>\n                                    <div class=\"form_group_label_input\" id=\"uploadedPhotos_5\">\n                        <i class=\"jws-icon-plus\"><\/i>\n                        <input type=\"file\" name=\"jws_upload_file[]\" data-slots=\"6\" class=\"form-control jws_upload_file\" accept=\"image\/*\" multiple>\n                    <\/div>\n                                    <div class=\"form_group_label_input\" id=\"uploadedPhotos_6\">\n                        <i class=\"jws-icon-plus\"><\/i>\n                        <input type=\"file\" name=\"jws_upload_file[]\" data-slots=\"6\" class=\"form-control jws_upload_file\" accept=\"image\/*\" multiple>\n                    <\/div>\n                 \n            <\/div>\n        <\/div>\n        <div class=\"upload-input \">\n            Add photo            <input type=\"file\" name=\"jws_upload_file[]\" data-slots=\"6\" class=\"form-control jws_upload_file\" accept=\"image\/*\" multiple>\n        <\/div>\n  \n        <div class=\"btn-row\">\n        <input type=\"hidden\" name=\"wp-submit\" id=\"btn-done\" class=\"button elementor-button btn-done\" value=\"Hotovo!\"\/>\n        <button class=\"prev-button\" type=\"button\">Predch\u00e1dzaj\u00faca strana<\/button>\n        <div class=\"popup-message\"><\/div>\n        <\/div>\n    <\/div>\n<\/div>\n\n\n\n                <\/form>\r\n                \r\n                     <\/div>\r\n      <\/div>\r\n    \t\t\t\t<\/div>\n\t\t\t\t<\/div>\n\t\t\t\t<\/div>\n\t\t\t\t<\/div>\n\t\t\t\t<\/div>\n\t\t","protected":false},"excerpt":{"rendered":"<p>Daj \u0161ancu milova\u0165 a by\u0165 milovan\u00fd. Pridaj sa k tis\u00edcom \u010fal\u0161\u00edch \u013eud\u00ed a poc\u00ed\u0165 rozdiel na ka\u017edom kroku, ktor\u00fd urob\u00ed\u0161. Welcome, admin Logout<\/p>","protected":false},"author":1,"featured_media":0,"parent":0,"menu_order":0,"comment_status":"closed","ping_status":"closed","template":"","meta":{"_acf_changed":false,"_bbp_topic_count":0,"_bbp_reply_count":0,"_bbp_total_topic_count":0,"_bbp_total_reply_count":0,"_bbp_voice_count":0,"_bbp_anonymous_reply_count":0,"_bbp_topic_count_hidden":0,"_bbp_reply_count_hidden":0,"_bbp_forum_subforum_count":0,"pmpro_default_level":"","footnotes":""},"class_list":["post-2551","page","type-page","status-publish","hentry","pmpro-has-access"],"acf":[],"_links":{"self":[{"href":"https:\/\/www.dannybunny.sk\/sk\/wp-json\/wp\/v2\/pages\/2551","targetHints":{"allow":["GET"]}}],"collection":[{"href":"https:\/\/www.dannybunny.sk\/sk\/wp-json\/wp\/v2\/pages"}],"about":[{"href":"https:\/\/www.dannybunny.sk\/sk\/wp-json\/wp\/v2\/types\/page"}],"author":[{"embeddable":true,"href":"https:\/\/www.dannybunny.sk\/sk\/wp-json\/wp\/v2\/users\/1"}],"replies":[{"embeddable":true,"href":"https:\/\/www.dannybunny.sk\/sk\/wp-json\/wp\/v2\/comments?post=2551"}],"version-history":[{"count":17,"href":"https:\/\/www.dannybunny.sk\/sk\/wp-json\/wp\/v2\/pages\/2551\/revisions"}],"predecessor-version":[{"id":78994,"href":"https:\/\/www.dannybunny.sk\/sk\/wp-json\/wp\/v2\/pages\/2551\/revisions\/78994"}],"wp:attachment":[{"href":"https:\/\/www.dannybunny.sk\/sk\/wp-json\/wp\/v2\/media?parent=2551"}],"curies":[{"name":"wp","href":"https:\/\/api.w.org\/{rel}","templated":true}]}}